{"id":12,"date":"2025-09-12T22:07:11","date_gmt":"2025-09-12T20:07:11","guid":{"rendered":"https:\/\/mouscaillo.com\/?page_id=12"},"modified":"2025-09-23T12:26:01","modified_gmt":"2025-09-23T10:26:01","slug":"contact","status":"publish","type":"page","link":"https:\/\/mouscaillo.com\/index.php\/fr\/contact\/","title":{"rendered":"Contact"},"content":{"rendered":"\n<h2 class=\"wp-block-heading\">Venez vous impr\u00e9gner de notre terroir !<\/h2>\n\n\n\n<p>Les paysages de Roquetaillade mettront vos sens \u00e0 rude \u00e9preuve : voir les falaises calcaires tranchantes et leurs innombrables anfractuosit\u00e9s, respirer les odeurs ardantes des herbes en \u00e9t\u00e9 et des argiles humides au printemps, ressentir la rude \u00e9treinte des bourrasques du Cers, \u00e9couter le bruissement des feuilles et la respiration de la vie dans le sol&#8230;<\/p>\n\n\n\n<div class=\"wp-block-columns is-layout-flex wp-container-core-columns-is-layout-28f84493 wp-block-columns-is-layout-flex\">\n<div class=\"wp-block-column is-layout-flow wp-block-column-is-layout-flow\">\n<p>Notre cave se situe en plein coeur du village de Roquetaillade.<br><mark style=\"background-color:rgba(0, 0, 0, 0)\" class=\"has-inline-color has-palette-color-6-color\"><strong>Visite sur Rendez-Vous uniquement<\/strong> &#8211; <\/mark>Contactez nous au pr\u00e9alable :<\/p>\n\n\n\n<p><strong>Camille et Thomas Fort<\/strong><br>4 rue du Fr\u00eane<br>11300 ROQUETAILLADE<br>FRANCE <br>Camille : +33 (0)6 87 07 02 36<br>Thomas : +33 (0)6 76 77 02 51<br><strong><a href=\"mailto:info@mouscaillo.com\">info@mouscaillo.com<\/a><\/strong><\/p>\n<\/div>\n\n\n\n<div class=\"wp-block-column is-layout-flow wp-block-column-is-layout-flow\">\n<iframe src=\"https:\/\/www.google.com\/maps\/embed?pb=!1m18!1m12!1m3!1d8019.069359258832!2d2.1959689212572338!3d42.99415435631399!2m3!1f0!2f0!3f0!3m2!1i1024!2i768!4f13.1!3m3!1m2!1s0x12afc6214d67857b%3A0x2d1337086a0c2fb!2sDomaine%20de%20MOUSCAILLO!5e0!3m2!1sfr!2sfr!4v1758549509180!5m2!1sfr!2sfr\" width=\"600\" height=\"450\" style=\"border:0;\" allowfullscreen=\"\" loading=\"lazy\" referrerpolicy=\"no-referrer-when-downgrade\"><\/iframe>\n<\/div>\n<\/div>\n\n\n\n<p><\/p>\n","protected":false},"excerpt":{"rendered":"<p>Venez vous impr\u00e9gner de notre terroir ! Les paysages de Roquetaillade mettront vos sens \u00e0 rude \u00e9preuve : voir les falaises calcaires tranchantes et leurs innombrables anfractuosit\u00e9s, respirer les odeurs ardantes des herbes en \u00e9t\u00e9 et des argiles humides au printemps, ressentir la rude \u00e9treinte des bourrasques du Cers, \u00e9couter le bruissement des feuilles et [&hellip;]<\/p>\n","protected":false},"author":1,"featured_media":0,"parent":0,"menu_order":0,"comment_status":"closed","ping_status":"closed","template":"","meta":{"_uag_custom_page_level_css":"","footnotes":""},"class_list":["post-12","page","type-page","status-publish","hentry"],"blocksy_meta":[],"uagb_featured_image_src":{"full":false,"thumbnail":false,"medium":false,"medium_large":false,"large":false,"1536x1536":false,"2048x2048":false},"uagb_author_info":{"display_name":"Thofort","author_link":"https:\/\/mouscaillo.com\/index.php\/author\/thofort\/"},"uagb_comment_info":0,"uagb_excerpt":"Venez vous impr\u00e9gner de notre terroir ! Les paysages de Roquetaillade mettront vos sens \u00e0 rude \u00e9preuve : voir les falaises calcaires tranchantes et leurs innombrables anfractuosit\u00e9s, respirer les odeurs ardantes des herbes en \u00e9t\u00e9 et des argiles humides au printemps, ressentir la rude \u00e9treinte des bourrasques du Cers, \u00e9couter le bruissement des feuilles et\u2026","_links":{"self":[{"href":"https:\/\/mouscaillo.com\/index.php\/wp-json\/wp\/v2\/pages\/12","targetHints":{"allow":["GET"]}}],"collection":[{"href":"https:\/\/mouscaillo.com\/index.php\/wp-json\/wp\/v2\/pages"}],"about":[{"href":"https:\/\/mouscaillo.com\/index.php\/wp-json\/wp\/v2\/types\/page"}],"author":[{"embeddable":true,"href":"https:\/\/mouscaillo.com\/index.php\/wp-json\/wp\/v2\/users\/1"}],"replies":[{"embeddable":true,"href":"https:\/\/mouscaillo.com\/index.php\/wp-json\/wp\/v2\/comments?post=12"}],"version-history":[{"count":0,"href":"https:\/\/mouscaillo.com\/index.php\/wp-json\/wp\/v2\/pages\/12\/revisions"}],"wp:attachment":[{"href":"https:\/\/mouscaillo.com\/index.php\/wp-json\/wp\/v2\/media?parent=12"}],"curies":[{"name":"wp","href":"https:\/\/api.w.org\/{rel}","templated":true}]}}