{"id":317,"date":"2025-09-23T10:48:24","date_gmt":"2025-09-23T08:48:24","guid":{"rendered":"https:\/\/mouscaillo.com\/?page_id=317"},"modified":"2025-09-23T10:48:25","modified_gmt":"2025-09-23T08:48:25","slug":"the-wines","status":"publish","type":"page","link":"https:\/\/mouscaillo.com\/index.php\/en\/the-wines\/","title":{"rendered":"The Wines"},"content":{"rendered":"\n<div class=\"wp-block-uagb-container uagb-block-85c15181 alignwide uagb-is-root-container\">\n<div class=\"wp-block-group is-vertical is-content-justification-center is-layout-flex wp-container-core-group-is-layout-ce155fab wp-block-group-is-layout-flex\">\n<div style=\"height:10px\" aria-hidden=\"true\" class=\"wp-block-spacer wp-container-content-728072c3\"><\/div>\n\n\n\n<p class=\"has-text-align-center has-palette-color-9-color has-text-color has-link-color has-xx-large-font-size wp-elements-9de28a5d5495b4a5a3554f9a6f39cd33\">The Wines<\/p>\n\n\n\n<p class=\"has-text-align-center has-palette-color-9-color has-text-color has-link-color has-large-font-size wp-elements-75022983edc47187c75a24f48e11ece4\">Six cuv\u00e9es, six facets of the Roquetaillade terroir<\/p>\n\n\n\n<div style=\"height:10px\" aria-hidden=\"true\" class=\"wp-block-spacer wp-container-content-728072c3\"><\/div>\n<\/div>\n<\/div>\n\n\n\n<p>On the terroir of Roquetaillade, the Domaine de Mouscaillo produce six wines. Our historical cuv\u00e9es, Limoux Blanc, Cr\u00e9mant Brut Nature and Pinot-Noir are now joined by three young ones: Sisyphe, Harmonia and Mauza\u00efc.<\/p>\n\n\n\n<h2 class=\"wp-block-heading\">The historical range<\/h2>\n\n\n\n<p>Created by Pierre and Marie-Claire, those wines are the perfect reflect of our vision of the terroir. We must not waste what the vines give us: our work in the cellar must be minimalist and without artifice.<\/p>\n\n\n<div class=\"wp-block-tableberg-wrapper justify-table-center wp-block-tableberg-table\" >\n\t\t\t<div class=\"tableberg-table-wrapper\" style=\"\">\n\t\t\t\t<table class = \"has-inner-border\" style=\"border-spacing: 0 0; --tableberg-inner-border-top: none; --tableberg-inner-border-right: 1px solid #000000; --tableberg-inner-border-bottom: 1px solid #000000; --tableberg-inner-border-left: none; --tableberg-inner-border-top-first: 1px solid #000000; --tableberg-inner-border-left-first: 1px solid #000000; \" data-tableberg-header=\"\" data-tableberg-footer=\"\" data-tableberg-responsive data-tableberg-rows=\"3\" data-tableberg-cols=\"2\" data-tableberg-mobile-width=\"700\" data-tableberg-mobile-mode=\"stack\" data-tableberg-mobile-direction=\"row\" data-tableberg-mobile-count=\"1\" ><colgroup><col style=\"\"\/><col style=\"\"\/><\/colgroup><tbody><tr class=\"tableberg-odd-row\" style=\"\">\n<td data-tableberg-row=\"0\" data-tableberg-col=\"0\" style=\"\" class=\"wp-block-tableberg-cell tableberg-v-align-center\"><div class=\"tableberg-cell-inner\" style=\"display: block; justify-content: center; flex-wrap: wrap; \">\n<p><strong>\u2666 AOP Limoux Blanc\u00a0<\/strong>\u00a0<a href=\"https:\/\/mouscaillo.com\/wp-content\/uploads\/2025\/09\/FT_Blc_2021.pdf\" data-type=\"link\" data-id=\"https:\/\/mouscaillo.com\/wp-content\/uploads\/2025\/09\/FT_Blc_2021.pdf\"><em>Technical sheet<\/em><\/a>* &#8211; All the diversity from the Roquetaillade terroir in a single bottle: a blend of Chardonnay, Chenin and Mauzac; old vines of 50 years and younger ones (20 years), a parcel which face South and another which faces North.<br>The terroir gives an exceptionnal ageing potential to this white wine. We propose a selection of old vintages of this Limoux Blanc since 2004&#8230; Don&rsquo;t hesitate to ask us about it.\u00a0<\/p>\n<\/div><\/td>\n\n<td data-tableberg-row=\"0\" data-tableberg-col=\"1\" style=\"\" class=\"wp-block-tableberg-cell tableberg-v-align-center\"><div class=\"tableberg-cell-inner\" style=\"display: block; justify-content: center; flex-wrap: wrap; \"><figure class=\"wp-block-tableberg-image tableberg-image-center size-large is-resized wp-duotone-unset-1\"><a href=\"https:\/\/mouscaillo.com\/wp-content\/uploads\/2025\/09\/Limoux_Blanc_redim.png\" class=\"\" target=\"\"><img decoding=\"async\" src=\"https:\/\/mouscaillo.com\/wp-content\/uploads\/2025\/09\/Limoux_Blanc_redim.png\" alt=\"Img Limoux Blanc\" class=\"wp-image-1\" style=\"object-fit: cover;width: 200px;border-top:  ;border-right:  ;border-bottom:  ;border-left:  ;\" \/><\/a><\/figure><\/div><\/td>\n<\/tr><tr class=\"tableberg-even-row\" style=\"\">\n<td data-tableberg-row=\"1\" data-tableberg-col=\"0\" style=\"\" class=\"wp-block-tableberg-cell tableberg-v-align-center\"><div class=\"tableberg-cell-inner\" style=\"display: block; justify-content: center; flex-wrap: wrap; \">\n<p><strong>\u2666 IGP Haute Vall\u00e9e de l&rsquo;Aude Pinot Noir<\/strong>\u00a0\u00a0<em><a href=\"https:\/\/mouscaillo.com\/wp-content\/uploads\/2025\/09\/FT_PinotNoir_2021.pdf\" target=\"_blank\" rel=\"noreferrer noopener\">Technical sheet<\/a><\/em>* &#8211; The alliance between the strong character of the Languedoc and the freshness of the Pinot-Noir. We intend to keep the delicacy and the cherry aromas of this beautiful grape variety.<\/p>\n\n\n\n<p>You can forget a bottle in your cellar a few years without any risk.<\/p>\n<\/div><\/td>\n\n<td data-tableberg-row=\"1\" data-tableberg-col=\"1\" style=\"\" class=\"wp-block-tableberg-cell tableberg-v-align-center\"><div class=\"tableberg-cell-inner\" style=\"display: block; justify-content: center; flex-wrap: wrap; \"><figure class=\"wp-block-tableberg-image tableberg-image-center size-large is-resized\"><a href=\"https:\/\/mouscaillo.com\/wp-content\/uploads\/2025\/09\/Pinot-Noir-redim.png\" class=\"\" target=\"\"><img decoding=\"async\" src=\"https:\/\/mouscaillo.com\/wp-content\/uploads\/2025\/09\/Pinot-Noir-redim.png\" alt=\"\" class=\"wp-image-1\" style=\"width: 200px;border-top:  ;border-right:  ;border-bottom:  ;border-left:  ;\" \/><\/a><\/figure><\/div><\/td>\n<\/tr><tr class=\"tableberg-odd-row\" style=\"\">\n<td data-tableberg-row=\"2\" data-tableberg-col=\"0\" style=\"\" class=\"wp-block-tableberg-cell tableberg-v-align-center\"><div class=\"tableberg-cell-inner\" style=\"display: block; justify-content: center; flex-wrap: wrap; \">\n<p><strong>\u2666 AOP Cr\u00e9mant de Limoux Blanc<\/strong>\u00a0\u00a0<em><a href=\"https:\/\/mouscaillo.com\/wp-content\/uploads\/2025\/09\/FT_Cremant_2021.pdf\" target=\"_blank\" rel=\"noreferrer noopener\">Technical sheet*<\/a><\/em> &#8211; A sharp sparkling wine, Brut Nature, without any addition of powdered sugar. The sparkling process is made with grape must from our vines and there is no dosage at the disgorgement. A blend of Chardonnay, Pinot-Noir and Chenin blanc, picked up at maturity<\/p>\n<\/div><\/td>\n\n<td data-tableberg-row=\"2\" data-tableberg-col=\"1\" style=\"\" class=\"wp-block-tableberg-cell tableberg-v-align-center\"><div class=\"tableberg-cell-inner\" style=\"display: block; justify-content: center; flex-wrap: wrap; \"><figure class=\"wp-block-tableberg-image tableberg-image-center size-large is-resized\"><a href=\"https:\/\/mouscaillo.com\/wp-content\/uploads\/2025\/09\/Cremant_Blanc_redim.png\" class=\"\" target=\"\"><img decoding=\"async\" src=\"https:\/\/mouscaillo.com\/wp-content\/uploads\/2025\/09\/Cremant_Blanc_redim.png\" alt=\"\" class=\"wp-image-1\" style=\"width: 200px;border-top:  ;border-right:  ;border-bottom:  ;border-left:  ;\" \/><\/a><\/figure><\/div><\/td>\n<\/tr><\/tbody><\/table>\n\t\t\t<\/div>\n\t\t<\/div>\n\n\n<p><em><strong>* <\/strong>Please, contact us if you need the <strong>technical sheets<\/strong> translated in English<\/em><\/p>\n\n\n\n<h2 class=\"wp-block-heading\">The \u00ab\u00a0nouvelle vague\u00a0\u00bb<\/h2>\n\n\n\n<p>Approved testings, terrific vintages or divergent methods of playing, those unusual wines come and go according to the whim of nature (or ours).<\/p>\n\n\n<div class=\"wp-block-tableberg-wrapper wp-block-tableberg-table\" >\n\t\t\t<div class=\"tableberg-table-wrapper\" style=\"\">\n\t\t\t\t<table class = \"has-inner-border\" style=\"border-spacing: 0 0; --tableberg-inner-border-top: none; --tableberg-inner-border-right: 1px solid #000000; --tableberg-inner-border-bottom: 1px solid #000000; --tableberg-inner-border-left: none; --tableberg-inner-border-top-first: 1px solid #000000; --tableberg-inner-border-left-first: 1px solid #000000; \" data-tableberg-header=\"\" data-tableberg-footer=\"\" data-tableberg-responsive data-tableberg-rows=\"3\" data-tableberg-cols=\"2\" data-tableberg-mobile-width=\"700\" data-tableberg-mobile-mode=\"stack\" data-tableberg-mobile-direction=\"row\" data-tableberg-mobile-count=\"1\" ><colgroup><col style=\"\"\/><col style=\"\"\/><\/colgroup><tbody><tr class=\"tableberg-odd-row\" style=\"\">\n<td data-tableberg-row=\"0\" data-tableberg-col=\"0\" style=\"\" class=\"wp-block-tableberg-cell tableberg-v-align-center\"><div class=\"tableberg-cell-inner\" style=\"display: block; justify-content: center; flex-wrap: wrap; \">\n<p><strong>\u2663 AOP Limoux Blanc &#8211; Cuv\u00e9e Mauza\u00efc<\/strong> <em><a href=\"https:\/\/mouscaillo.com\/wp-content\/uploads\/2025\/09\/FT_Mauzaic_2021.pdf\" target=\"_blank\" rel=\"noreferrer noopener\">Technical sheet*<\/a><\/em> &#8211; A pure Mauzac ! We build this wine on three pillars of durability:<\/p>\n\n\n\n<p>&#8211; Conservation of the Mauzac genetic diversity with more than 70 different clones on the same plot;<br>&#8211; Protection against the vineyard dieback with a particular grafting method;<br>&#8211; Pass down the gesture of grafting through the generations.<\/p>\n<\/div><\/td>\n\n<td data-tableberg-row=\"0\" data-tableberg-col=\"1\" style=\"\" class=\"wp-block-tableberg-cell tableberg-v-align-center\"><div class=\"tableberg-cell-inner\" style=\"display: block; justify-content: center; flex-wrap: wrap; \"><figure class=\"wp-block-tableberg-image tableberg-image-center size-large is-resized\"><a href=\"https:\/\/mouscaillo.com\/wp-content\/uploads\/2025\/09\/mauzaic_plantes_redim-scaled.jpg\" class=\"\" target=\"\"><img decoding=\"async\" src=\"https:\/\/mouscaillo.com\/wp-content\/uploads\/2025\/09\/mauzaic_plantes_redim-768x1024.jpg\" alt=\"\" class=\"wp-image-1\" style=\"width: 200px;border-top:  ;border-right:  ;border-bottom:  ;border-left:  ;\" \/><\/a><\/figure><\/div><\/td>\n<\/tr><tr class=\"tableberg-even-row\" style=\"\">\n<td data-tableberg-row=\"1\" data-tableberg-col=\"0\" style=\"\" class=\"wp-block-tableberg-cell tableberg-v-align-center\"><div class=\"tableberg-cell-inner\" style=\"display: block; justify-content: center; flex-wrap: wrap; \">\n<p><strong>\u2663 Vin de France &#8211; Cuv\u00e9e Sisyphe<\/strong> <em><a href=\"https:\/\/mouscaillo.com\/wp-content\/uploads\/2025\/09\/FT_Sisyphe.pdf\" target=\"_blank\" rel=\"noreferrer noopener\">Technical sheet*<\/a><\/em> &#8211; A touch of Jura in this Chardonnay from Roquetaillade !<\/p>\n\n\n\n<p>We wanted to break the codes by opting for very unusual vinification. And also a different packaging, with recycled paper and no capsule.<\/p>\n\n\n\n<p>Like Sisyphus who would decide to end his torture and would abandon his rock by himself.<\/p>\n\n\n\n<p>Naturally impertinent, in all his freshness!<\/p>\n<\/div><\/td>\n\n<td data-tableberg-row=\"1\" data-tableberg-col=\"1\" style=\"\" class=\"wp-block-tableberg-cell tableberg-v-align-center\"><div class=\"tableberg-cell-inner\" style=\"display: block; justify-content: center; flex-wrap: wrap; \"><figure class=\"wp-block-tableberg-image tableberg-image-center size-large is-resized\"><a href=\"https:\/\/mouscaillo.com\/wp-content\/uploads\/2025\/09\/Sisyphe_redim.png\" class=\"\" target=\"\"><img decoding=\"async\" src=\"https:\/\/mouscaillo.com\/wp-content\/uploads\/2025\/09\/Sisyphe_redim-634x1024.png\" alt=\"\" class=\"wp-image-1\" style=\"width: 200px;border-top:  ;border-right:  ;border-bottom:  ;border-left:  ;\" \/><\/a><\/figure><\/div><\/td>\n<\/tr><tr class=\"tableberg-odd-row\" style=\"\">\n<td data-tableberg-row=\"2\" data-tableberg-col=\"0\" style=\"\" class=\"wp-block-tableberg-cell tableberg-v-align-center\"><div class=\"tableberg-cell-inner\" style=\"display: block; justify-content: center; flex-wrap: wrap; \">\n<p><strong>\u2663 AOP Cr\u00e9mant de Limoux Ros\u00e9 &#8211; Cuv\u00e9e Harmonia\u00a0\u00a0<\/strong><em><a href=\"https:\/\/mouscaillo.com\/wp-content\/uploads\/2025\/09\/FT_Harmonia.pdf\" target=\"_blank\" rel=\"noreferrer noopener\">Technical sheet *<\/a><\/em> &#8211; Harmonia, the \u00ab\u00a0good understanding\u00a0\u00bb in greek, result of a compromise between the old and the new generation of Mouscaillo.<\/p>\n\n\n\n<p>An elegant Cr\u00e9mant, sharp but with a touch of softness given by the Pinot-Noir.<\/p>\n<\/div><\/td>\n\n<td data-tableberg-row=\"2\" data-tableberg-col=\"1\" style=\"\" class=\"wp-block-tableberg-cell tableberg-v-align-center\"><div class=\"tableberg-cell-inner\" style=\"display: block; justify-content: center; flex-wrap: wrap; \"><figure class=\"wp-block-tableberg-image tableberg-image-center size-large is-resized\"><a href=\"https:\/\/mouscaillo.com\/wp-content\/uploads\/2025\/09\/modif_harmonia_bassin_redim2-2.png\" class=\"\" target=\"\"><img decoding=\"async\" src=\"https:\/\/mouscaillo.com\/wp-content\/uploads\/2025\/09\/modif_harmonia_bassin_redim2-2-768x1024.png\" alt=\"\" class=\"wp-image-1\" style=\"width: 200px;border-top:  ;border-right:  ;border-bottom:  ;border-left:  ;\" \/><\/a><\/figure><\/div><\/td>\n<\/tr><\/tbody><\/table>\n\t\t\t<\/div>\n\t\t<\/div>\n\n\n<p><em><strong>* <\/strong>Please, contact us if you need the <strong>technical sheets<\/strong> translated in English<\/em><\/p>\n","protected":false},"excerpt":{"rendered":"<p>The Wines Six cuv\u00e9es, six facets of the Roquetaillade terroir On the terroir of Roquetaillade, the Domaine de Mouscaillo produce six wines. Our historical cuv\u00e9es, Limoux Blanc, Cr\u00e9mant Brut Nature and Pinot-Noir are now joined by three young ones: Sisyphe, Harmonia and Mauza\u00efc. The historical range Created by Pierre and Marie-Claire, those wines are the [&hellip;]<\/p>\n","protected":false},"author":1,"featured_media":0,"parent":0,"menu_order":0,"comment_status":"closed","ping_status":"closed","template":"","meta":{"_uag_custom_page_level_css":"","footnotes":""},"class_list":["post-317","page","type-page","status-publish","hentry"],"blocksy_meta":[],"uagb_featured_image_src":{"full":false,"thumbnail":false,"medium":false,"medium_large":false,"large":false,"1536x1536":false,"2048x2048":false},"uagb_author_info":{"display_name":"Thofort","author_link":"https:\/\/mouscaillo.com\/index.php\/author\/thofort\/"},"uagb_comment_info":0,"uagb_excerpt":"The Wines Six cuv\u00e9es, six facets of the Roquetaillade terroir On the terroir of Roquetaillade, the Domaine de Mouscaillo produce six wines. Our historical cuv\u00e9es, Limoux Blanc, Cr\u00e9mant Brut Nature and Pinot-Noir are now joined by three young ones: Sisyphe, Harmonia and Mauza\u00efc. The historical range Created by Pierre and Marie-Claire, those wines are the\u2026","_links":{"self":[{"href":"https:\/\/mouscaillo.com\/index.php\/wp-json\/wp\/v2\/pages\/317","targetHints":{"allow":["GET"]}}],"collection":[{"href":"https:\/\/mouscaillo.com\/index.php\/wp-json\/wp\/v2\/pages"}],"about":[{"href":"https:\/\/mouscaillo.com\/index.php\/wp-json\/wp\/v2\/types\/page"}],"author":[{"embeddable":true,"href":"https:\/\/mouscaillo.com\/index.php\/wp-json\/wp\/v2\/users\/1"}],"replies":[{"embeddable":true,"href":"https:\/\/mouscaillo.com\/index.php\/wp-json\/wp\/v2\/comments?post=317"}],"version-history":[{"count":0,"href":"https:\/\/mouscaillo.com\/index.php\/wp-json\/wp\/v2\/pages\/317\/revisions"}],"wp:attachment":[{"href":"https:\/\/mouscaillo.com\/index.php\/wp-json\/wp\/v2\/media?parent=317"}],"curies":[{"name":"wp","href":"https:\/\/api.w.org\/{rel}","templated":true}]}}