{"id":372,"date":"2025-11-21T15:43:02","date_gmt":"2025-11-21T14:43:02","guid":{"rendered":"https:\/\/mouscaillo.com\/?page_id=372"},"modified":"2026-01-12T12:18:29","modified_gmt":"2026-01-12T11:18:29","slug":"projet-mauzaic","status":"publish","type":"page","link":"https:\/\/mouscaillo.com\/index.php\/fr\/projet-mauzaic\/","title":{"rendered":"Projet Mauza\u00efc"},"content":{"rendered":"\n<div class=\"wp-block-uagb-container uagb-block-01362ace alignwide uagb-is-root-container\">\n<div class=\"wp-block-group is-vertical is-content-justification-center is-layout-flex wp-container-core-group-is-layout-ce155fab wp-block-group-is-layout-flex\">\n<p class=\"has-text-align-center has-palette-color-9-color has-text-color has-link-color has-xx-large-font-size wp-elements-d40212d99985060da387c4665e18c319\">Projet Mauza\u00efc<\/p>\n\n\n\n<p class=\"has-text-align-center has-palette-color-9-color has-text-color has-link-color has-large-font-size wp-elements-151f93e84a86dc83e1a3d8d66c11ed24\">La diversit\u00e9 g\u00e9n\u00e9tique au service du vigneron<\/p>\n<\/div>\n<\/div>\n\n\n\n<h2 class=\"wp-block-heading\">Le Mauzac, c\u00e9page embl\u00e9matique<\/h2>\n\n\n\n<p>Ceux qui connaissent la Blanquette de Limoux connaissent le Mauzac : c\u00e9page historique \u00e0 Limoux, il est majoritaire dans l&rsquo;\u00e9laboration de ces bulles.<br>C\u00e9page rustique, un temps d\u00e9laiss\u00e9, il montre pourtant aujourd&rsquo;hui une belle tol\u00e9rance face aux al\u00e9as climatiques. <br>Ce qui ferait de ce c\u00e9page historique, un c\u00e9page d&rsquo;avenir ? <br>N&rsquo;allons pas trop vite&#8230; <\/p>\n\n\n\n<h2 class=\"wp-block-heading\">Une diversit\u00e9 en berne<\/h2>\n\n\n\n<p>Bien qu&rsquo;ancien et embl\u00e9matique, aujourd&rsquo;hui, seuls 7 clones de Mauzac Blanc et 1 unique clone de Mauzac Rose sont agr\u00e9\u00e9s en France. Pire : \u00e0 Limoux, il ne se plante plus que les deux clones les mieux adapt\u00e9s \u00e0 la r\u00e9alisation de vins effervescents.<br>Et pourtant, il existe \u00e0 Limoux et \u00e0 Gaillac un conservatoire du Mauzac qui regroupe pas moins de 211 clones de Mauzac !!<\/p>\n\n\n\n<p>2 sur 211&#8230; moins de 1% de la diversit\u00e9 existante est plant\u00e9e \u00e0 Limoux&#8230;<\/p>\n\n\n\n<p>Le projet Mauza\u00efc est n\u00e9 de ce constat. Nous avons pris le parti de reconstituer de la diversit\u00e9 g\u00e9n\u00e9tique du Mauzac, pour explorer toutes les possibilit\u00e9s offertes par ce myst\u00e9rieux c\u00e9page.<\/p>\n\n\n\n<div class=\"wp-block-columns alignfull is-not-stacked-on-mobile is-layout-flex wp-container-core-columns-is-layout-28f84493 wp-block-columns-is-layout-flex\">\n<div class=\"wp-block-column is-layout-flow wp-block-column-is-layout-flow\">\n<figure class=\"wp-block-image aligncenter size-large\"><img loading=\"lazy\" decoding=\"async\" width=\"837\" height=\"627\" src=\"https:\/\/mouscaillo.com\/wp-content\/uploads\/2025\/11\/20220901_100223-edited.jpg\" alt=\"\" class=\"wp-image-392\" srcset=\"https:\/\/mouscaillo.com\/wp-content\/uploads\/2025\/11\/20220901_100223-edited.jpg 837w, https:\/\/mouscaillo.com\/wp-content\/uploads\/2025\/11\/20220901_100223-edited-300x225.jpg 300w, https:\/\/mouscaillo.com\/wp-content\/uploads\/2025\/11\/20220901_100223-edited-768x575.jpg 768w\" sizes=\"auto, (max-width: 837px) 100vw, 837px\" \/><figcaption class=\"wp-element-caption\">Mauzac Blanc<\/figcaption><\/figure>\n<\/div>\n\n\n\n<div class=\"wp-block-column is-layout-flow wp-block-column-is-layout-flow\">\n<figure class=\"wp-block-image aligncenter size-large\"><img loading=\"lazy\" decoding=\"async\" width=\"1024\" height=\"768\" src=\"https:\/\/mouscaillo.com\/wp-content\/uploads\/2025\/11\/20250905_081956-1024x768.jpg\" alt=\"\" class=\"wp-image-389\" srcset=\"https:\/\/mouscaillo.com\/wp-content\/uploads\/2025\/11\/20250905_081956-1024x768.jpg 1024w, https:\/\/mouscaillo.com\/wp-content\/uploads\/2025\/11\/20250905_081956-300x225.jpg 300w, https:\/\/mouscaillo.com\/wp-content\/uploads\/2025\/11\/20250905_081956-768x576.jpg 768w, https:\/\/mouscaillo.com\/wp-content\/uploads\/2025\/11\/20250905_081956-1536x1152.jpg 1536w, https:\/\/mouscaillo.com\/wp-content\/uploads\/2025\/11\/20250905_081956-2048x1536.jpg 2048w\" sizes=\"auto, (max-width: 1024px) 100vw, 1024px\" \/><figcaption class=\"wp-element-caption\">Mauzac Rose<\/figcaption><\/figure>\n<\/div>\n<\/div>\n\n\n\n<h2 class=\"wp-block-heading\">La diversit\u00e9 : alli\u00e9e ou ennemie ? <\/h2>\n\n\n\n<p>Prudence toutefois. Toute diversit\u00e9 n&rsquo;est pas forc\u00e9ment bonne \u00e0 prendre&#8230; Le passage de la s\u00e9lection massale \u00e0 la s\u00e9lection clonale dans les ann\u00e9es 1970 permettait, \u00e0 cette \u00e9poque, de mieux ma\u00eetriser les rendements, mais surtout de r\u00e9pondre \u00e0 des probl\u00e9matiques sanitaires. Certaines maladies li\u00e9es comme le <a href=\"https:\/\/ephytia.inra.fr\/fr\/C\/6072\/Vigne-Virus-du-court-noue\">court-nou\u00e9<\/a> ou les <a href=\"https:\/\/ephytia.inra.fr\/fr\/C\/6073\/Vigne-Virus-de-l-enroulement\">viroses de l&rsquo;enroulement<\/a> ont ainsi pu \u00eatre confin\u00e9es. <br>Revenir \u00e0 un certain niveau de diversit\u00e9 g\u00e9n\u00e9tique nous semble \u00eatre important, mais ce ne doit pas ce faire au d\u00e9triment de la sant\u00e9 du vignoble. <\/p>\n\n\n\n<p>Et c&rsquo;est tout l&rsquo;int\u00e9r\u00eat du conservatoire du Mauzac ! Chaque clone a \u00e9t\u00e9 suivi en d\u00e9tail par la Chambre d&rsquo;Agriculture : nous avons donc pu \u00e9carter les clones particuli\u00e8rement sensibles \u00e0 la <a href=\"https:\/\/ephytia.inra.fr\/fr\/C\/7037\/Vigne-Affections-abiotiques-de-la-rafle-et-de-la-grappe\">coulure<\/a>, ceux dont la vigueur \u00e9tait insuffisante, ou ceux potentiellement porteurs de viroses.<\/p>\n\n\n\n<p>Ainsi, sur les 211 clones de Mauzac que compte le conservatoire de Limoux, nous en avons gard\u00e9 \u00ab\u00a0seulement\u00a0\u00bb 187. <\/p>\n\n\n\n<div class=\"wp-block-columns alignfull is-not-stacked-on-mobile is-layout-flex wp-container-core-columns-is-layout-28f84493 wp-block-columns-is-layout-flex\">\n<div class=\"wp-block-column is-layout-flow wp-block-column-is-layout-flow\">\n<figure class=\"wp-block-image aligncenter size-large\"><img loading=\"lazy\" decoding=\"async\" width=\"1024\" height=\"768\" src=\"https:\/\/mouscaillo.com\/wp-content\/uploads\/2025\/09\/20210923_121311-1-1024x768.jpg\" alt=\"\" class=\"wp-image-296\" srcset=\"https:\/\/mouscaillo.com\/wp-content\/uploads\/2025\/09\/20210923_121311-1-1024x768.jpg 1024w, https:\/\/mouscaillo.com\/wp-content\/uploads\/2025\/09\/20210923_121311-1-300x225.jpg 300w, https:\/\/mouscaillo.com\/wp-content\/uploads\/2025\/09\/20210923_121311-1-768x576.jpg 768w, https:\/\/mouscaillo.com\/wp-content\/uploads\/2025\/09\/20210923_121311-1-1536x1152.jpg 1536w, https:\/\/mouscaillo.com\/wp-content\/uploads\/2025\/09\/20210923_121311-1.jpg 1813w\" sizes=\"auto, (max-width: 1024px) 100vw, 1024px\" \/><figcaption class=\"wp-element-caption\">Toute la diversit\u00e9 du Mauzac<\/figcaption><\/figure>\n<\/div>\n\n\n\n<div class=\"wp-block-column is-layout-flow wp-block-column-is-layout-flow\">\n<figure class=\"wp-block-image size-full\"><img loading=\"lazy\" decoding=\"async\" width=\"2560\" height=\"1920\" src=\"https:\/\/mouscaillo.com\/wp-content\/uploads\/2025\/11\/20210923_094219-edited-3-scaled.jpg\" alt=\"\" class=\"wp-image-396\" srcset=\"https:\/\/mouscaillo.com\/wp-content\/uploads\/2025\/11\/20210923_094219-edited-3-scaled.jpg 2560w, https:\/\/mouscaillo.com\/wp-content\/uploads\/2025\/11\/20210923_094219-edited-3-300x225.jpg 300w, https:\/\/mouscaillo.com\/wp-content\/uploads\/2025\/11\/20210923_094219-edited-3-1024x768.jpg 1024w, https:\/\/mouscaillo.com\/wp-content\/uploads\/2025\/11\/20210923_094219-edited-3-768x576.jpg 768w, https:\/\/mouscaillo.com\/wp-content\/uploads\/2025\/11\/20210923_094219-edited-3-1536x1152.jpg 1536w, https:\/\/mouscaillo.com\/wp-content\/uploads\/2025\/11\/20210923_094219-edited-3-2048x1536.jpg 2048w\" sizes=\"auto, (max-width: 2560px) 100vw, 2560px\" \/><figcaption class=\"wp-element-caption\">Mauzac Fou ! Cons\u00e9quence de la coulure<br><\/figcaption><\/figure>\n<\/div>\n<\/div>\n\n\n\n<h2 class=\"wp-block-heading\">Une parcelle, 187 clones en complantation<\/h2>\n\n\n\n<p>Une parcelle de 50 ares a \u00e9t\u00e9 choisie pour accueillir ce projet, situ\u00e9e \u00e0 Roquetaillade, sur le lieu dit <em>Aiguecaud<\/em>. <br>Nous souhaitions r\u00e9partir les clones dans la parcelle, tout en \u00e9tant capable d&rsquo;identifier l&rsquo;origine de chaque individu. Une t\u00e2che quasiment impossible \u00e0 r\u00e9aliser \u00e0 notre \u00e9chelle en une seule ann\u00e9e ! Nous avons donc fait un choix :<br>&#8211; 45 clones de Mauzac Blanc originaires de l&rsquo;Aude sont parfaitement identifi\u00e9s et \u00e9tiquet\u00e9s, sur une zone bien d\u00e9limit\u00e9e ;<br>&#8211; 99 clones de Mauzac Blanc originaires de Gaillac sont m\u00e9lang\u00e9s al\u00e9atoirement, sur une zone bien d\u00e9limit\u00e9e ;<br>&#8211; 43 clones de Mauzac Rose originaires de Gaillac sont m\u00e9lang\u00e9s al\u00e9atoirement, sur une zone bien d\u00e9limit\u00e9e.<\/p>\n\n\n\n<p>Pour rajouter un niveau suppl\u00e9mentaire de diversit\u00e9, nous avons travaill\u00e9 avec 4 porte-greffe diff\u00e9rents : RSB1, 101-14 MGt, Fercal, Riparia.<\/p>\n\n\n\n<h2 class=\"wp-block-heading\">Le greffage en place : un geste ancestral<\/h2>\n\n\n\n<p>3 750 plants, issus de combinaisons de 4 porte-greffes et 187 clones de Mauzac&#8230; Un cauchemar pour n&rsquo;importe quel p\u00e9pini\u00e9riste ! Nous avons donc profit\u00e9 de ce projet pour nous r\u00e9approprier un geste qui n&rsquo;est maitris\u00e9 que par peu de vignerons aujourd&rsquo;hui : le greffage en place.<\/p>\n\n\n\n<p>Le greffage en place consiste \u00e0 planter les porte-greffes, puis venir les greffer directement \u00ab\u00a0en place\u00a0\u00bb au moins l&rsquo;ann\u00e9e suivante, lorsqu&rsquo;il sont suffisamment d\u00e9velopp\u00e9s.<\/p>\n\n\n\n<p>C&rsquo;est un greffage en fente qui a \u00e9t\u00e9 mis en place, car ce mode de greffe \u00e9tait d\u00e9j\u00e0 pratiqu\u00e9 par Pierre et son p\u00e8re. Il s&rsquo;agit de pratiquer une fente sur le porte-greffe \u00e0 l&rsquo;aide d&rsquo;un couteau. On vient y ins\u00e9rer un greffon taill\u00e9 en biseau, en prenant soin d&rsquo;ajuster les cambiums entre eux (c&rsquo;est ce qui permettra une continuit\u00e9 de la s\u00e8ve entre le porte-greffe et le greffon). Une ficelle biod\u00e9gradable entoure le point de greffage afin d&rsquo;assurer le maintient du couple. <br>Le point de greffe doit alors \u00eatre maintenu \u00e0 une certaine humidit\u00e9 afin que la greffe prenne. Historiquement, la greffe \u00e9tait pratiqu\u00e9e assez basse, et une butte de terre fine recouvrait l&rsquo;ensemble afin de le prot\u00e9ger. Nous avons plut\u00f4t utilis\u00e9 un ruban souple de paraffine qui vient entourer le point de greffe. Cela nous permet de greffer plus haut sur le porte greffe : en cas d&rsquo;infection par une maladie du bois, nous pourrons alors regreffer plus bas sans remplacer le plant dans son int\u00e9gralit\u00e9.<\/p>\n\n\n\n<div class=\"wp-block-group is-content-justification-center is-nowrap is-layout-flex wp-container-core-group-is-layout-23441af8 wp-block-group-is-layout-flex\">\n<figure class=\"wp-block-image size-full is-resized is-style-default\"><img loading=\"lazy\" decoding=\"async\" width=\"945\" height=\"645\" src=\"https:\/\/mouscaillo.com\/wp-content\/uploads\/2025\/11\/greffage.png\" alt=\"\" class=\"wp-image-382\" style=\"width:598px;height:auto\" srcset=\"https:\/\/mouscaillo.com\/wp-content\/uploads\/2025\/11\/greffage.png 945w, https:\/\/mouscaillo.com\/wp-content\/uploads\/2025\/11\/greffage-300x205.png 300w, https:\/\/mouscaillo.com\/wp-content\/uploads\/2025\/11\/greffage-768x524.png 768w\" sizes=\"auto, (max-width: 945px) 100vw, 945px\" \/><figcaption class=\"wp-element-caption\">Les diff\u00e9rentes \u00e9tapes du greffage en fente sur Mauza\u00efc<\/figcaption><\/figure>\n<\/div>\n\n\n\n<h2 class=\"wp-block-heading\">La gamme de vins \u00ab\u00a0Mauza\u00efc\u00a0\u00bb<\/h2>\n\n\n\n<p class=\"has-text-align-left\">Aujourd&rsquo;hui, deux vins de Mouscaillo sont issus de notre travail autour du Mauzac :<\/p>\n\n\n\n<p class=\"has-text-align-center\">&#8211; <strong>Limoux Blanc, cuv\u00e9e Mauza\u00efc<br>&#8211; Mauzac sous Voile<\/strong><\/p>\n\n\n\n<p>Deux visions du Mauzac tr\u00e8s atypiques. L&rsquo;une cherche a mettre en avant l&rsquo;expression la plus pure du c\u00e9page sur notre terroir de Roquetaillade, avec une vinification la moins intrusive possible. A l&rsquo;inverse, la seconde est issue d&rsquo;un \u00e9levage extr\u00eame de 7 ans, en milieu oxydatif.<br>Plus d&rsquo;informations sur la page <a href=\"https:\/\/mouscaillo.com\/index.php\/fr\/les-vins\/\" data-type=\"page\" data-id=\"52\">Les Vins<\/a>.<\/p>\n\n\n\n<p>D&rsquo;autres projets sont en pr\u00e9paration autour du Mauzac, notamment une eau de vie. Encore un peu de patience&#8230;<\/p>\n\n\n\n<figure class=\"wp-block-image aligncenter size-large is-resized\"><img decoding=\"async\" src=\"https:\/\/mouscaillo.com\/wp-content\/uploads\/2025\/09\/mauzaic_plantes_redim-768x1024.jpg\" alt=\"\" style=\"aspect-ratio:0.7500000240928256;width:266px;height:auto\"\/><figcaption class=\"wp-element-caption\">Limoux Blanc, cuv\u00e9e Mauza\u00efc<\/figcaption><\/figure>\n\n\n\n<h2 class=\"wp-block-heading\">Historique <\/h2>\n\n\n\n<p>Ann\u00e9es 2017-2018 &#8211; Pr\u00e9paration de la parcelle.<br>Mars 2018 &#8211; Plantation des porte-greffes.<br>F\u00e9vrier 2019 &#8211; R\u00e9colte des bois de Mauzac au conservatoire. Stockage en conditions contr\u00f4l\u00e9es.<br>Avril 2019 &#8211; Greffage en place du Mauzac sur les porte-greffes d\u00e9j\u00e0 d\u00e9velopp\u00e9s.<br>Printemps 2020 &#8211; Formation des plants en Cordon de Royat.<br>Septembre 2020 &#8211; Premi\u00e8re r\u00e9colte.<\/p>\n\n\n\n<p><br><\/p>\n\n\n\n<h2 class=\"wp-block-heading\">Projet Mauza\u00efc &#8211; Fiche Technique<\/h2>\n\n\n<div class=\"wp-block-tableberg-wrapper justify-table-center wp-block-tableberg-table\" >\n\t\t\t<div class=\"tableberg-table-wrapper\" style=\"\">\n\t\t\t\t<table class = \"has-inner-border has-table-width\" style=\"width: 1000px; max-width: 1000px; border-spacing: 0 0; --tableberg-inner-border-top: none; --tableberg-inner-border-right: 1px solid #000000; --tableberg-inner-border-bottom: 1px solid #000000; --tableberg-inner-border-left: none; --tableberg-inner-border-top-first: 1px solid #000000; --tableberg-inner-border-left-first: 1px solid #000000; \" data-tableberg-header=\"added\" data-tableberg-footer=\"\"  ><colgroup><col style=\"\"\/><col style=\"width: 710px; min-width: 710px; \"\/><\/colgroup><tbody><tr class=\"tableberg-header\" style=\"\">\n<th data-tableberg-row=\"0\" data-tableberg-col=\"0\" style=\"\" class=\"wp-block-tableberg-cell tableberg-v-align-center\"><div class=\"tableberg-cell-inner\" style=\"display: block; justify-content: center; flex-wrap: wrap; \">\n<p>Caract\u00e9ristiques<\/p>\n<\/div><\/th>\n\n<th data-tableberg-row=\"0\" data-tableberg-col=\"1\" style=\"\" class=\"wp-block-tableberg-cell tableberg-v-align-center\"><div class=\"tableberg-cell-inner\" style=\"display: block; justify-content: center; flex-wrap: wrap; \">\n<p>Parcelle Mauza\u00efc<\/p>\n<\/div><\/th>\n<\/tr><tr class=\"tableberg-odd-row\" style=\"\">\n<td data-tableberg-row=\"1\" data-tableberg-col=\"0\" style=\"\" class=\"wp-block-tableberg-cell tableberg-v-align-center\"><div class=\"tableberg-cell-inner\" style=\"display: block; justify-content: center; flex-wrap: wrap; \">\n<p>Surface<\/p>\n<\/div><\/td>\n\n<td data-tableberg-row=\"1\" data-tableberg-col=\"1\" style=\"\" class=\"wp-block-tableberg-cell tableberg-v-align-center\"><div class=\"tableberg-cell-inner\" style=\"display: block; justify-content: center; flex-wrap: wrap; \">\n<p>50 ares<\/p>\n<\/div><\/td>\n<\/tr><tr class=\"tableberg-even-row\" style=\"\">\n<td data-tableberg-row=\"2\" data-tableberg-col=\"0\" style=\"\" class=\"wp-block-tableberg-cell tableberg-v-align-center\"><div class=\"tableberg-cell-inner\" style=\"display: block; justify-content: center; flex-wrap: wrap; \">\n<p>Terroir<\/p>\n<\/div><\/td>\n\n<td data-tableberg-row=\"2\" data-tableberg-col=\"1\" style=\"\" class=\"wp-block-tableberg-cell tableberg-v-align-center\"><div class=\"tableberg-cell-inner\" style=\"display: block; justify-content: center; flex-wrap: wrap; \">\n<p>Roquetaillade, Lieu dit <em>Aiguecaud<\/em><br>Sols profonds, argilo-calcaires<br>Exposition Sud<\/p>\n<\/div><\/td>\n<\/tr><tr class=\"tableberg-odd-row\" style=\"\">\n<td data-tableberg-row=\"3\" data-tableberg-col=\"0\" style=\"\" class=\"wp-block-tableberg-cell tableberg-v-align-center\"><div class=\"tableberg-cell-inner\" style=\"display: block; justify-content: center; flex-wrap: wrap; \">\n<p>Densit\u00e9 de plantation<\/p>\n<\/div><\/td>\n\n<td data-tableberg-row=\"3\" data-tableberg-col=\"1\" style=\"\" class=\"wp-block-tableberg-cell tableberg-v-align-center\"><div class=\"tableberg-cell-inner\" style=\"display: block; justify-content: center; flex-wrap: wrap; \">\n<p>7500 pieds\/ha<\/p>\n<\/div><\/td>\n<\/tr><tr class=\"tableberg-even-row\" style=\"\">\n<td data-tableberg-row=\"4\" data-tableberg-col=\"0\" style=\"\" class=\"wp-block-tableberg-cell tableberg-v-align-center\"><div class=\"tableberg-cell-inner\" style=\"display: block; justify-content: center; flex-wrap: wrap; \">\n<p>\u00c2ge<\/p>\n<\/div><\/td>\n\n<td data-tableberg-row=\"4\" data-tableberg-col=\"1\" style=\"\" class=\"wp-block-tableberg-cell tableberg-v-align-center\"><div class=\"tableberg-cell-inner\" style=\"display: block; justify-content: center; flex-wrap: wrap; \">\n<p>Plantation des porte-greffes en 2018<br>Greffages \u00e0 partir de 2019<br>Premi\u00e8re r\u00e9colte en 2020<\/p>\n<\/div><\/td>\n<\/tr><tr class=\"tableberg-odd-row\" style=\"\">\n<td data-tableberg-row=\"5\" data-tableberg-col=\"0\" style=\"\" class=\"wp-block-tableberg-cell tableberg-v-align-center\"><div class=\"tableberg-cell-inner\" style=\"display: block; justify-content: center; flex-wrap: wrap; \">\n<p>C\u00e9pages<\/p>\n<\/div><\/td>\n\n<td data-tableberg-row=\"5\" data-tableberg-col=\"1\" style=\"\" class=\"wp-block-tableberg-cell tableberg-v-align-center\"><div class=\"tableberg-cell-inner\" style=\"display: block; justify-content: center; flex-wrap: wrap; \">\n<p>Mauzac Blanc et Mauzac Rose<\/p>\n<\/div><\/td>\n<\/tr><tr class=\"tableberg-even-row\" style=\"\">\n<td data-tableberg-row=\"6\" data-tableberg-col=\"0\" style=\"\" class=\"wp-block-tableberg-cell tableberg-v-align-center\"><div class=\"tableberg-cell-inner\" style=\"display: block; justify-content: center; flex-wrap: wrap; \">\n<p>Clones s\u00e9lectionn\u00e9s<\/p>\n<\/div><\/td>\n\n<td data-tableberg-row=\"6\" data-tableberg-col=\"1\" style=\"\" class=\"wp-block-tableberg-cell tableberg-v-align-center\"><div class=\"tableberg-cell-inner\" style=\"display: block; justify-content: center; flex-wrap: wrap; \">\n<p>&#8211; 45 clones Blancs, originaires de Limoux, identifi\u00e9s<br>&#8211; 99 clones blanc, originaires de Gaillac, m\u00e9lang\u00e9s et non identifi\u00e9s<br>&#8211; 43 clones Roses, m\u00e9lang\u00e9s et non-identifi\u00e9s<\/p>\n<\/div><\/td>\n<\/tr><tr class=\"tableberg-odd-row\" style=\"\">\n<td data-tableberg-row=\"7\" data-tableberg-col=\"0\" style=\"\" class=\"wp-block-tableberg-cell tableberg-v-align-center\"><div class=\"tableberg-cell-inner\" style=\"display: block; justify-content: center; flex-wrap: wrap; \">\n<p>Portes greffes<\/p>\n<\/div><\/td>\n\n<td data-tableberg-row=\"7\" data-tableberg-col=\"1\" style=\"\" class=\"wp-block-tableberg-cell tableberg-v-align-center\"><div class=\"tableberg-cell-inner\" style=\"display: block; justify-content: center; flex-wrap: wrap; \">\n<p>4 Porte-greffes diff\u00e9rents (RSB1, 101 14, FERCAL, RIPARIA)<br>Plant\u00e9s en 2018<\/p>\n<\/div><\/td>\n<\/tr><tr class=\"tableberg-even-row\" style=\"\">\n<td data-tableberg-row=\"8\" data-tableberg-col=\"0\" style=\"\" class=\"wp-block-tableberg-cell tableberg-v-align-center\"><div class=\"tableberg-cell-inner\" style=\"display: block; justify-content: center; flex-wrap: wrap; \">\n<p>Greffage<\/p>\n<\/div><\/td>\n\n<td data-tableberg-row=\"8\" data-tableberg-col=\"1\" style=\"\" class=\"wp-block-tableberg-cell tableberg-v-align-center\"><div class=\"tableberg-cell-inner\" style=\"display: block; justify-content: center; flex-wrap: wrap; \">\n<p>Greffage en place \u00e0 partir de 2019<br>Greffage en fente<br>Greffage haut pour permettre un \u00e9ventuel regreffage<\/p>\n<\/div><\/td>\n<\/tr><\/tbody><\/table>\n\t\t\t<\/div>\n\t\t<\/div>\n\n\n<h2 class=\"wp-block-heading\">Bibliographie, pour aller plus loin :<\/h2>\n\n\n\n<p>S\u00e9lection Clonale \/ massale :<br><a href=\"https:\/\/www.vignevin.com\/innovation-varietale\/selection-clonale\/\">https:\/\/www.vignevin.com\/innovation-varietale\/selection-clonale\/<\/a><br>Diff\u00e9rentes maladies de la vigne :<br><a href=\"https:\/\/ephytia.inra.fr\/fr\/C\/6047\/Vigne-Les-maladies-et-ravageurs\">https:\/\/ephytia.inra.fr\/fr\/C\/6047\/Vigne-Les-maladies-et-ravageurs<\/a><br><\/p>\n","protected":false},"excerpt":{"rendered":"<p>Projet Mauza\u00efc La diversit\u00e9 g\u00e9n\u00e9tique au service du vigneron Le Mauzac, c\u00e9page embl\u00e9matique Ceux qui connaissent la Blanquette de Limoux connaissent le Mauzac : c\u00e9page historique \u00e0 Limoux, il est majoritaire dans l&rsquo;\u00e9laboration de ces bulles.C\u00e9page rustique, un temps d\u00e9laiss\u00e9, il montre pourtant aujourd&rsquo;hui une belle tol\u00e9rance face aux al\u00e9as climatiques. Ce qui ferait de [&hellip;]<\/p>\n","protected":false},"author":1,"featured_media":0,"parent":0,"menu_order":0,"comment_status":"closed","ping_status":"closed","template":"","meta":{"_uag_custom_page_level_css":"","footnotes":""},"class_list":["post-372","page","type-page","status-publish","hentry"],"blocksy_meta":[],"uagb_featured_image_src":{"full":false,"thumbnail":false,"medium":false,"medium_large":false,"large":false,"1536x1536":false,"2048x2048":false},"uagb_author_info":{"display_name":"Thofort","author_link":"https:\/\/mouscaillo.com\/index.php\/author\/thofort\/"},"uagb_comment_info":0,"uagb_excerpt":"Projet Mauza\u00efc La diversit\u00e9 g\u00e9n\u00e9tique au service du vigneron Le Mauzac, c\u00e9page embl\u00e9matique Ceux qui connaissent la Blanquette de Limoux connaissent le Mauzac : c\u00e9page historique \u00e0 Limoux, il est majoritaire dans l&rsquo;\u00e9laboration de ces bulles.C\u00e9page rustique, un temps d\u00e9laiss\u00e9, il montre pourtant aujourd&rsquo;hui une belle tol\u00e9rance face aux al\u00e9as climatiques. Ce qui ferait de\u2026","_links":{"self":[{"href":"https:\/\/mouscaillo.com\/index.php\/wp-json\/wp\/v2\/pages\/372","targetHints":{"allow":["GET"]}}],"collection":[{"href":"https:\/\/mouscaillo.com\/index.php\/wp-json\/wp\/v2\/pages"}],"about":[{"href":"https:\/\/mouscaillo.com\/index.php\/wp-json\/wp\/v2\/types\/page"}],"author":[{"embeddable":true,"href":"https:\/\/mouscaillo.com\/index.php\/wp-json\/wp\/v2\/users\/1"}],"replies":[{"embeddable":true,"href":"https:\/\/mouscaillo.com\/index.php\/wp-json\/wp\/v2\/comments?post=372"}],"version-history":[{"count":14,"href":"https:\/\/mouscaillo.com\/index.php\/wp-json\/wp\/v2\/pages\/372\/revisions"}],"predecessor-version":[{"id":415,"href":"https:\/\/mouscaillo.com\/index.php\/wp-json\/wp\/v2\/pages\/372\/revisions\/415"}],"wp:attachment":[{"href":"https:\/\/mouscaillo.com\/index.php\/wp-json\/wp\/v2\/media?parent=372"}],"curies":[{"name":"wp","href":"https:\/\/api.w.org\/{rel}","templated":true}]}}