{"id":414,"date":"2026-01-20T14:04:15","date_gmt":"2026-01-20T13:04:15","guid":{"rendered":"https:\/\/mouscaillo.com\/?page_id=414"},"modified":"2026-01-20T17:35:23","modified_gmt":"2026-01-20T16:35:23","slug":"mauzaic-project","status":"publish","type":"page","link":"https:\/\/mouscaillo.com\/index.php\/en\/mauzaic-project\/","title":{"rendered":"Mauza\u00efc project"},"content":{"rendered":"\n<div class=\"wp-block-uagb-container uagb-block-01362ace alignwide uagb-is-root-container\">\n<div class=\"wp-block-group is-vertical is-content-justification-center is-layout-flex wp-container-core-group-is-layout-ce155fab wp-block-group-is-layout-flex\">\n<p class=\"has-text-align-center has-palette-color-9-color has-text-color has-link-color has-xx-large-font-size wp-elements-ceed284b23c5ff0664911d39c7b94c42\">Mauza\u00efc project<\/p>\n\n\n\n<p class=\"has-text-align-center has-palette-color-9-color has-text-color has-link-color has-large-font-size wp-elements-be42c5dae66b7a98d5fe750975414a80\">When genetic diversity helps the winemaker<\/p>\n<\/div>\n<\/div>\n\n\n\n<h2 class=\"wp-block-heading\">The Mauzac, an emblem in Limoux<\/h2>\n\n\n\n<p>If you have tasted some Blanquette de Limoux, you already know the Mauzac. Historical grape variety in Limoux, it is mainly used to make this sparkling.<br>Neglected for a time, because it was considered as too rustic, it shows today an interesting tolerance face with climate change. <br>Could this historical variety therefore be innovative? <br>Let&rsquo;s not get ahead of ourselves&#8230;<\/p>\n\n\n\n<h2 class=\"wp-block-heading\">A low diversity used<\/h2>\n\n\n\n<p>Even if the Mauzac is an old grape variety, only 7 clones of Mauzac Blanc and a single clone of Mauzac Rose are officially agreed in France. Worse, only two clones are planted in Limoux, the two more adapted to produce sparkling wines.<br>Though, a conservatory of Mauzac exists, located in Limoux and Gaillac, gathering no fewer than clones of Mauzac!!<\/p>\n\n\n\n<p>&#8230;2 in 211&#8230; less than 1% of the available diversity is planted in Limoux&#8230;<\/p>\n\n\n\n<p>The Mauza\u00efc project was born out of this awareness. We decided to rebuild the genetic diversity of the Mauzac, in order to investigate all the possibilities offered by this mysterious variety.<\/p>\n\n\n\n<div class=\"wp-block-columns alignfull is-not-stacked-on-mobile is-layout-flex wp-container-core-columns-is-layout-28f84493 wp-block-columns-is-layout-flex\">\n<div class=\"wp-block-column is-layout-flow wp-block-column-is-layout-flow\">\n<figure class=\"wp-block-image aligncenter size-large\"><img loading=\"lazy\" decoding=\"async\" width=\"837\" height=\"627\" src=\"https:\/\/mouscaillo.com\/wp-content\/uploads\/2025\/11\/20220901_100223-edited.jpg\" alt=\"\" class=\"wp-image-392\" srcset=\"https:\/\/mouscaillo.com\/wp-content\/uploads\/2025\/11\/20220901_100223-edited.jpg 837w, https:\/\/mouscaillo.com\/wp-content\/uploads\/2025\/11\/20220901_100223-edited-300x225.jpg 300w, https:\/\/mouscaillo.com\/wp-content\/uploads\/2025\/11\/20220901_100223-edited-768x575.jpg 768w\" sizes=\"auto, (max-width: 837px) 100vw, 837px\" \/><figcaption class=\"wp-element-caption\">Mauzac Blanc<\/figcaption><\/figure>\n<\/div>\n\n\n\n<div class=\"wp-block-column is-layout-flow wp-block-column-is-layout-flow\">\n<figure class=\"wp-block-image aligncenter size-large\"><img loading=\"lazy\" decoding=\"async\" width=\"1024\" height=\"768\" src=\"https:\/\/mouscaillo.com\/wp-content\/uploads\/2025\/11\/20250905_081956-1024x768.jpg\" alt=\"\" class=\"wp-image-389\" srcset=\"https:\/\/mouscaillo.com\/wp-content\/uploads\/2025\/11\/20250905_081956-1024x768.jpg 1024w, https:\/\/mouscaillo.com\/wp-content\/uploads\/2025\/11\/20250905_081956-300x225.jpg 300w, https:\/\/mouscaillo.com\/wp-content\/uploads\/2025\/11\/20250905_081956-768x576.jpg 768w, https:\/\/mouscaillo.com\/wp-content\/uploads\/2025\/11\/20250905_081956-1536x1152.jpg 1536w, https:\/\/mouscaillo.com\/wp-content\/uploads\/2025\/11\/20250905_081956-2048x1536.jpg 2048w\" sizes=\"auto, (max-width: 1024px) 100vw, 1024px\" \/><figcaption class=\"wp-element-caption\">Mauzac Rose<\/figcaption><\/figure>\n<\/div>\n<\/div>\n\n\n\n<h2 class=\"wp-block-heading\">Genetic diversity: ally or enemy?<\/h2>\n\n\n\n<p>However, care must be taken: diversity can sometimes be tricky. In the 70s, the passage from mass selection to clonal selection allowed a better control of the yields, and also to avoid some plant health problems. Some plant pathogens like the grapevine fanleaf virus or the Grapevine leafroll-associated virus were then limited.<br>Our return to a certain genetic diversity must not be to the detriment of the health of the vineyard.<\/p>\n\n\n\n<p>In this way, the conservatory is very useful. Each clone was thoroughly monitored by the Chambre d&rsquo;Agriculture. We thus removed the clones particularly sensitive to <a href=\"https:\/\/ephytia.inra.fr\/fr\/C\/7037\/Vigne-Affections-abiotiques-de-la-rafle-et-de-la-grappe\">coulure<\/a>, those showing some lack of vigour, or those potentially carrier of viroses.<\/p>\n\n\n\n<p>So, in the 211 clones of Mauzac in the conservatory of Limoux, we kept \u00ab\u00a0only\u00a0\u00bb 187 clones.<\/p>\n\n\n\n<div class=\"wp-block-columns alignfull is-not-stacked-on-mobile is-layout-flex wp-container-core-columns-is-layout-28f84493 wp-block-columns-is-layout-flex\">\n<div class=\"wp-block-column is-layout-flow wp-block-column-is-layout-flow\">\n<figure class=\"wp-block-image aligncenter size-large\"><img loading=\"lazy\" decoding=\"async\" width=\"1024\" height=\"768\" src=\"https:\/\/mouscaillo.com\/wp-content\/uploads\/2025\/09\/20210923_121311-1-1024x768.jpg\" alt=\"\" class=\"wp-image-296\" srcset=\"https:\/\/mouscaillo.com\/wp-content\/uploads\/2025\/09\/20210923_121311-1-1024x768.jpg 1024w, https:\/\/mouscaillo.com\/wp-content\/uploads\/2025\/09\/20210923_121311-1-300x225.jpg 300w, https:\/\/mouscaillo.com\/wp-content\/uploads\/2025\/09\/20210923_121311-1-768x576.jpg 768w, https:\/\/mouscaillo.com\/wp-content\/uploads\/2025\/09\/20210923_121311-1-1536x1152.jpg 1536w, https:\/\/mouscaillo.com\/wp-content\/uploads\/2025\/09\/20210923_121311-1.jpg 1813w\" sizes=\"auto, (max-width: 1024px) 100vw, 1024px\" \/><figcaption class=\"wp-element-caption\">All the diversity of Mauzac<\/figcaption><\/figure>\n<\/div>\n\n\n\n<div class=\"wp-block-column is-layout-flow wp-block-column-is-layout-flow\">\n<figure class=\"wp-block-image size-full\"><img loading=\"lazy\" decoding=\"async\" width=\"2560\" height=\"1920\" src=\"https:\/\/mouscaillo.com\/wp-content\/uploads\/2025\/11\/20210923_094219-edited-3-scaled.jpg\" alt=\"\" class=\"wp-image-396\" srcset=\"https:\/\/mouscaillo.com\/wp-content\/uploads\/2025\/11\/20210923_094219-edited-3-scaled.jpg 2560w, https:\/\/mouscaillo.com\/wp-content\/uploads\/2025\/11\/20210923_094219-edited-3-300x225.jpg 300w, https:\/\/mouscaillo.com\/wp-content\/uploads\/2025\/11\/20210923_094219-edited-3-1024x768.jpg 1024w, https:\/\/mouscaillo.com\/wp-content\/uploads\/2025\/11\/20210923_094219-edited-3-768x576.jpg 768w, https:\/\/mouscaillo.com\/wp-content\/uploads\/2025\/11\/20210923_094219-edited-3-1536x1152.jpg 1536w, https:\/\/mouscaillo.com\/wp-content\/uploads\/2025\/11\/20210923_094219-edited-3-2048x1536.jpg 2048w\" sizes=\"auto, (max-width: 2560px) 100vw, 2560px\" \/><figcaption class=\"wp-element-caption\">Mauzac Fou! consequence of the coulure<br><\/figcaption><\/figure>\n<\/div>\n<\/div>\n\n\n\n<h2 class=\"wp-block-heading\">One plot, 187 clones<\/h2>\n\n\n\n<p>One plot of half an hectare was chosen for the plantation, located in Roquetaillade (hamlet of \u00ab\u00a0Aiguecaud\u00a0\u00bb), on a south exposed slope. We wanted to distribute the clones in the plot while being able to identify each individual. An impossible task for a small estate like our! We then had to make some choice to save time:<br>&#8211; 45 clones of Mauzac Blanc, originated from the Limoux area are identified and labelled, on a delimited zone ;<br>&#8211; 99 clones of Mauzac Blanc originated from the Gaillac area are randomly mixed, on a delimited zone ;<br>&#8211; 43 clones of Mauzac Rose originated from the Gaillac area are randomly mixed, on a delimited zone.<\/p>\n\n\n\n<p>We also worked with 4 different root-stocks : RSB1, 101-14 MGt, Fercal, Riparia.<\/p>\n\n\n\n<h2 class=\"wp-block-heading\">The field grafting: a patrimonial gesture<\/h2>\n\n\n\n<p>3 750 vines, from a combination of 4 root-stocks and 187 clones of Mauzac&#8230; A nightmare for any nurseryman! We took advantage of this project to reclaim an old gesture now mastered by only a few vine growers: the field grafting.<\/p>\n\n\n\n<p>The field grafting consists in planting the root-stock, then grafting it directly \u00ab\u00a0in the field\u00a0\u00bb at least the next year, when it has grown enough.<\/p>\n\n\n\n<p>We practiced cleft grafting, because it was already used by Pierre and his father before. We make a cleft in the root-stock with a knife. We then insert the graft, cut in a bevel shape, taking care to adjust the two les cambiums entre eux (c&rsquo;est ce qui permettra une continuit\u00e9 de la s\u00e8ve entre le porte-greffe et le greffon). Une ficelle biod\u00e9gradable entoure le point de greffage afin d&rsquo;assurer le maintient du couple. <br>Le point de greffe doit alors \u00eatre maintenu \u00e0 une certaine humidit\u00e9 afin que la greffe prenne. Historiquement, la greffe \u00e9tait pratiqu\u00e9e assez basse, et une butte de terre fine recouvrait l&rsquo;ensemble afin de le prot\u00e9ger. Nous avons plut\u00f4t utilis\u00e9 un ruban souple de paraffine qui vient entourer le point de greffe. Cela nous permet de greffer plus haut sur le porte greffe : en cas d&rsquo;infection par une maladie du bois, nous pourrons alors regreffer plus bas sans remplacer le plant dans son int\u00e9gralit\u00e9.<\/p>\n\n\n\n<div class=\"wp-block-group is-content-justification-center is-nowrap is-layout-flex wp-container-core-group-is-layout-23441af8 wp-block-group-is-layout-flex\">\n<figure class=\"wp-block-image size-full is-resized is-style-default\"><img loading=\"lazy\" decoding=\"async\" width=\"945\" height=\"645\" src=\"https:\/\/mouscaillo.com\/wp-content\/uploads\/2025\/11\/greffage.png\" alt=\"\" class=\"wp-image-382\" style=\"width:598px;height:auto\" srcset=\"https:\/\/mouscaillo.com\/wp-content\/uploads\/2025\/11\/greffage.png 945w, https:\/\/mouscaillo.com\/wp-content\/uploads\/2025\/11\/greffage-300x205.png 300w, https:\/\/mouscaillo.com\/wp-content\/uploads\/2025\/11\/greffage-768x524.png 768w\" sizes=\"auto, (max-width: 945px) 100vw, 945px\" \/><figcaption class=\"wp-element-caption\">Les diff\u00e9rentes \u00e9tapes du greffage en fente sur Mauza\u00efc<\/figcaption><\/figure>\n<\/div>\n\n\n\n<h2 class=\"wp-block-heading\">La gamme de vins \u00ab\u00a0Mauza\u00efc\u00a0\u00bb<\/h2>\n\n\n\n<p class=\"has-text-align-left\">Aujourd&rsquo;hui, deux vins de Mouscaillo sont issus de notre travail autour du Mauzac :<\/p>\n\n\n\n<p class=\"has-text-align-center\">&#8211; <strong>Limoux Blanc, cuv\u00e9e Mauza\u00efc<br>&#8211; Mauzac sous Voile<\/strong><\/p>\n\n\n\n<p>Deux visions du Mauzac tr\u00e8s atypiques. L&rsquo;une cherche a mettre en avant l&rsquo;expression la plus pure du c\u00e9page sur notre terroir de Roquetaillade, avec une vinification la moins intrusive possible. A l&rsquo;inverse, la seconde est issue d&rsquo;un \u00e9levage extr\u00eame de 7 ans, en milieu oxydatif.<br>Plus d&rsquo;informations sur la page <a href=\"https:\/\/mouscaillo.com\/index.php\/fr\/les-vins\/\" data-type=\"page\" data-id=\"52\">Les Vins<\/a>.<\/p>\n\n\n\n<p>D&rsquo;autres projets sont en pr\u00e9paration autour du Mauzac, notamment une eau de vie. Encore un peu de patience&#8230;<\/p>\n\n\n\n<figure class=\"wp-block-image aligncenter size-large is-resized\"><img loading=\"lazy\" decoding=\"async\" width=\"768\" height=\"1024\" src=\"https:\/\/mouscaillo.com\/wp-content\/uploads\/2026\/01\/mauzaic_plantes_redim-768x1024-1.jpg\" alt=\"\" class=\"wp-image-418\" style=\"aspect-ratio:0.7500000240928256;width:266px;height:auto\" srcset=\"https:\/\/mouscaillo.com\/wp-content\/uploads\/2026\/01\/mauzaic_plantes_redim-768x1024-1.jpg 768w, https:\/\/mouscaillo.com\/wp-content\/uploads\/2026\/01\/mauzaic_plantes_redim-768x1024-1-225x300.jpg 225w\" sizes=\"auto, (max-width: 768px) 100vw, 768px\" \/><figcaption class=\"wp-element-caption\">Limoux Blanc, cuv\u00e9e Mauza\u00efc<\/figcaption><\/figure>\n\n\n\n<h2 class=\"wp-block-heading\">Historique <\/h2>\n\n\n\n<p>Ann\u00e9es 2017-2018 &#8211; Pr\u00e9paration de la parcelle.<br>Mars 2018 &#8211; Plantation des porte-greffes.<br>F\u00e9vrier 2019 &#8211; R\u00e9colte des bois de Mauzac au conservatoire. Stockage en conditions contr\u00f4l\u00e9es.<br>Avril 2019 &#8211; Greffage en place du Mauzac sur les porte-greffes d\u00e9j\u00e0 d\u00e9velopp\u00e9s.<br>Printemps 2020 &#8211; Formation des plants en Cordon de Royat.<br>Septembre 2020 &#8211; Premi\u00e8re r\u00e9colte.<\/p>\n\n\n\n<p><br><\/p>\n\n\n\n<h2 class=\"wp-block-heading\">Projet Mauza\u00efc &#8211; Fiche Technique<\/h2>\n\n\n<div class=\"wp-block-tableberg-wrapper justify-table-center wp-block-tableberg-table\" >\n\t\t\t<div class=\"tableberg-table-wrapper\" style=\"\">\n\t\t\t\t<table class = \"has-inner-border has-table-width\" style=\"width: 1000px; max-width: 1000px; border-spacing: 0 0; --tableberg-inner-border-top: none; --tableberg-inner-border-right: 1px solid #000000; --tableberg-inner-border-bottom: 1px solid #000000; --tableberg-inner-border-left: none; --tableberg-inner-border-top-first: 1px solid #000000; --tableberg-inner-border-left-first: 1px solid #000000; \" data-tableberg-header=\"added\" data-tableberg-footer=\"\"  ><colgroup><col style=\"\"\/><col style=\"width: 710px; min-width: 710px; \"\/><\/colgroup><tbody><tr class=\"tableberg-header\" style=\"\">\n<th data-tableberg-row=\"0\" data-tableberg-col=\"0\" style=\"\" class=\"wp-block-tableberg-cell tableberg-v-align-center\"><div class=\"tableberg-cell-inner\" style=\"display: block; justify-content: center; flex-wrap: wrap; \">\n<p>Caract\u00e9ristiques<\/p>\n<\/div><\/th>\n\n<th data-tableberg-row=\"0\" data-tableberg-col=\"1\" style=\"\" class=\"wp-block-tableberg-cell tableberg-v-align-center\"><div class=\"tableberg-cell-inner\" style=\"display: block; justify-content: center; flex-wrap: wrap; \">\n<p>Parcelle Mauza\u00efc<\/p>\n<\/div><\/th>\n<\/tr><tr class=\"tableberg-odd-row\" style=\"\">\n<td data-tableberg-row=\"1\" data-tableberg-col=\"0\" style=\"\" class=\"wp-block-tableberg-cell tableberg-v-align-center\"><div class=\"tableberg-cell-inner\" style=\"display: block; justify-content: center; flex-wrap: wrap; \">\n<p>Surface<\/p>\n<\/div><\/td>\n\n<td data-tableberg-row=\"1\" data-tableberg-col=\"1\" style=\"\" class=\"wp-block-tableberg-cell tableberg-v-align-center\"><div class=\"tableberg-cell-inner\" style=\"display: block; justify-content: center; flex-wrap: wrap; \">\n<p>50 ares<\/p>\n<\/div><\/td>\n<\/tr><tr class=\"tableberg-even-row\" style=\"\">\n<td data-tableberg-row=\"2\" data-tableberg-col=\"0\" style=\"\" class=\"wp-block-tableberg-cell tableberg-v-align-center\"><div class=\"tableberg-cell-inner\" style=\"display: block; justify-content: center; flex-wrap: wrap; \">\n<p>Terroir<\/p>\n<\/div><\/td>\n\n<td data-tableberg-row=\"2\" data-tableberg-col=\"1\" style=\"\" class=\"wp-block-tableberg-cell tableberg-v-align-center\"><div class=\"tableberg-cell-inner\" style=\"display: block; justify-content: center; flex-wrap: wrap; \">\n<p>Roquetaillade, Lieu dit <em>Aiguecaud<\/em><br>Sols profonds, argilo-calcaires<br>Exposition Sud<\/p>\n<\/div><\/td>\n<\/tr><tr class=\"tableberg-odd-row\" style=\"\">\n<td data-tableberg-row=\"3\" data-tableberg-col=\"0\" style=\"\" class=\"wp-block-tableberg-cell tableberg-v-align-center\"><div class=\"tableberg-cell-inner\" style=\"display: block; justify-content: center; flex-wrap: wrap; \">\n<p>Densit\u00e9 de plantation<\/p>\n<\/div><\/td>\n\n<td data-tableberg-row=\"3\" data-tableberg-col=\"1\" style=\"\" class=\"wp-block-tableberg-cell tableberg-v-align-center\"><div class=\"tableberg-cell-inner\" style=\"display: block; justify-content: center; flex-wrap: wrap; \">\n<p>7500 pieds\/ha<\/p>\n<\/div><\/td>\n<\/tr><tr class=\"tableberg-even-row\" style=\"\">\n<td data-tableberg-row=\"4\" data-tableberg-col=\"0\" style=\"\" class=\"wp-block-tableberg-cell tableberg-v-align-center\"><div class=\"tableberg-cell-inner\" style=\"display: block; justify-content: center; flex-wrap: wrap; \">\n<p>\u00c2ge<\/p>\n<\/div><\/td>\n\n<td data-tableberg-row=\"4\" data-tableberg-col=\"1\" style=\"\" class=\"wp-block-tableberg-cell tableberg-v-align-center\"><div class=\"tableberg-cell-inner\" style=\"display: block; justify-content: center; flex-wrap: wrap; \">\n<p>Plantation des porte-greffes en 2018<br>Greffages \u00e0 partir de 2019<br>Premi\u00e8re r\u00e9colte en 2020<\/p>\n<\/div><\/td>\n<\/tr><tr class=\"tableberg-odd-row\" style=\"\">\n<td data-tableberg-row=\"5\" data-tableberg-col=\"0\" style=\"\" class=\"wp-block-tableberg-cell tableberg-v-align-center\"><div class=\"tableberg-cell-inner\" style=\"display: block; justify-content: center; flex-wrap: wrap; \">\n<p>C\u00e9pages<\/p>\n<\/div><\/td>\n\n<td data-tableberg-row=\"5\" data-tableberg-col=\"1\" style=\"\" class=\"wp-block-tableberg-cell tableberg-v-align-center\"><div class=\"tableberg-cell-inner\" style=\"display: block; justify-content: center; flex-wrap: wrap; \">\n<p>Mauzac Blanc et Mauzac Rose<\/p>\n<\/div><\/td>\n<\/tr><tr class=\"tableberg-even-row\" style=\"\">\n<td data-tableberg-row=\"6\" data-tableberg-col=\"0\" style=\"\" class=\"wp-block-tableberg-cell tableberg-v-align-center\"><div class=\"tableberg-cell-inner\" style=\"display: block; justify-content: center; flex-wrap: wrap; \">\n<p>Clones s\u00e9lectionn\u00e9s<\/p>\n<\/div><\/td>\n\n<td data-tableberg-row=\"6\" data-tableberg-col=\"1\" style=\"\" class=\"wp-block-tableberg-cell tableberg-v-align-center\"><div class=\"tableberg-cell-inner\" style=\"display: block; justify-content: center; flex-wrap: wrap; \">\n<p>&#8211; 45 clones Blancs, originaires de Limoux, identifi\u00e9s<br>&#8211; 99 clones blanc, originaires de Gaillac, m\u00e9lang\u00e9s et non identifi\u00e9s<br>&#8211; 43 clones Roses, m\u00e9lang\u00e9s et non-identifi\u00e9s<\/p>\n<\/div><\/td>\n<\/tr><tr class=\"tableberg-odd-row\" style=\"\">\n<td data-tableberg-row=\"7\" data-tableberg-col=\"0\" style=\"\" class=\"wp-block-tableberg-cell tableberg-v-align-center\"><div class=\"tableberg-cell-inner\" style=\"display: block; justify-content: center; flex-wrap: wrap; \">\n<p>Portes greffes<\/p>\n<\/div><\/td>\n\n<td data-tableberg-row=\"7\" data-tableberg-col=\"1\" style=\"\" class=\"wp-block-tableberg-cell tableberg-v-align-center\"><div class=\"tableberg-cell-inner\" style=\"display: block; justify-content: center; flex-wrap: wrap; \">\n<p>4 Porte-greffes diff\u00e9rents (RSB1, 101 14, FERCAL, RIPARIA)<br>Plant\u00e9s en 2018<\/p>\n<\/div><\/td>\n<\/tr><tr class=\"tableberg-even-row\" style=\"\">\n<td data-tableberg-row=\"8\" data-tableberg-col=\"0\" style=\"\" class=\"wp-block-tableberg-cell tableberg-v-align-center\"><div class=\"tableberg-cell-inner\" style=\"display: block; justify-content: center; flex-wrap: wrap; \">\n<p>Greffage<\/p>\n<\/div><\/td>\n\n<td data-tableberg-row=\"8\" data-tableberg-col=\"1\" style=\"\" class=\"wp-block-tableberg-cell tableberg-v-align-center\"><div class=\"tableberg-cell-inner\" style=\"display: block; justify-content: center; flex-wrap: wrap; \">\n<p>Greffage en place \u00e0 partir de 2019<br>Greffage en fente<br>Greffage haut pour permettre un \u00e9ventuel regreffage<\/p>\n<\/div><\/td>\n<\/tr><\/tbody><\/table>\n\t\t\t<\/div>\n\t\t<\/div>\n\n\n<h2 class=\"wp-block-heading\">Bibliographie, pour aller plus loin :<\/h2>\n\n\n\n<p>S\u00e9lection Clonale \/ massale :<br><a href=\"https:\/\/www.vignevin.com\/innovation-varietale\/selection-clonale\/\">https:\/\/www.vignevin.com\/innovation-varietale\/selection-clonale\/<\/a><br>Diff\u00e9rentes maladies de la vigne :<br><a href=\"https:\/\/ephytia.inra.fr\/fr\/C\/6047\/Vigne-Les-maladies-et-ravageurs\">https:\/\/ephytia.inra.fr\/fr\/C\/6047\/Vigne-Les-maladies-et-ravageurs<\/a><br><\/p>\n","protected":false},"excerpt":{"rendered":"<p>Mauza\u00efc project When genetic diversity helps the winemaker The Mauzac, an emblem in Limoux If you have tasted some Blanquette de Limoux, you already know the Mauzac. Historical grape variety in Limoux, it is mainly used to make this sparkling.Neglected for a time, because it was considered as too rustic, it shows today an interesting [&hellip;]<\/p>\n","protected":false},"author":1,"featured_media":0,"parent":0,"menu_order":0,"comment_status":"closed","ping_status":"closed","template":"","meta":{"_uag_custom_page_level_css":"","footnotes":""},"class_list":["post-414","page","type-page","status-publish","hentry"],"blocksy_meta":[],"uagb_featured_image_src":{"full":false,"thumbnail":false,"medium":false,"medium_large":false,"large":false,"1536x1536":false,"2048x2048":false},"uagb_author_info":{"display_name":"Thofort","author_link":"https:\/\/mouscaillo.com\/index.php\/author\/thofort\/"},"uagb_comment_info":0,"uagb_excerpt":"Mauza\u00efc project When genetic diversity helps the winemaker The Mauzac, an emblem in Limoux If you have tasted some Blanquette de Limoux, you already know the Mauzac. Historical grape variety in Limoux, it is mainly used to make this sparkling.Neglected for a time, because it was considered as too rustic, it shows today an interesting\u2026","_links":{"self":[{"href":"https:\/\/mouscaillo.com\/index.php\/wp-json\/wp\/v2\/pages\/414","targetHints":{"allow":["GET"]}}],"collection":[{"href":"https:\/\/mouscaillo.com\/index.php\/wp-json\/wp\/v2\/pages"}],"about":[{"href":"https:\/\/mouscaillo.com\/index.php\/wp-json\/wp\/v2\/types\/page"}],"author":[{"embeddable":true,"href":"https:\/\/mouscaillo.com\/index.php\/wp-json\/wp\/v2\/users\/1"}],"replies":[{"embeddable":true,"href":"https:\/\/mouscaillo.com\/index.php\/wp-json\/wp\/v2\/comments?post=414"}],"version-history":[{"count":6,"href":"https:\/\/mouscaillo.com\/index.php\/wp-json\/wp\/v2\/pages\/414\/revisions"}],"predecessor-version":[{"id":426,"href":"https:\/\/mouscaillo.com\/index.php\/wp-json\/wp\/v2\/pages\/414\/revisions\/426"}],"wp:attachment":[{"href":"https:\/\/mouscaillo.com\/index.php\/wp-json\/wp\/v2\/media?parent=414"}],"curies":[{"name":"wp","href":"https:\/\/api.w.org\/{rel}","templated":true}]}}